{"id":342,"date":"2024-05-29T18:23:30","date_gmt":"2024-05-29T18:23:30","guid":{"rendered":"https:\/\/bhconsertapersianas.com.br\/2024\/?page_id=342"},"modified":"2024-05-29T18:23:30","modified_gmt":"2024-05-29T18:23:30","slug":"conserto-de-persianas-bh","status":"publish","type":"page","link":"https:\/\/www.bhconsertapersianas.com.br\/","title":{"rendered":"Conserto de Persianas BH"},"content":{"rendered":"<p>A \u00a0<strong>BH Conserta Persianas<\/strong>, \u00e9 uma empresa especializada \u00a0que conta com \u00f3timos profissionais, com mais de 20 anos de experi\u00eancia em Vendas, Manuten\u00e7\u00e3o, Lavagem, Instala\u00e7\u00e3o e Motoriza\u00e7\u00e3o de cortinas e persianas de todas as marcas e modelos.<\/p>\n<p>Chegamos para suprir a necessidade do mercado, que est\u00e1 carente de uma <strong>assist\u00eancia t\u00e9cnica<\/strong> especializada, com \u00f3timo atendimento e pre\u00e7os competitivos e acess\u00edveis a todos. Hoje, atendimento, \u00a0pre\u00e7o e qualidade \u00e9 o que todos os nossos clientes merecem \u00a0e \u00e9 por isto que optamos por ser uma empresa que agregue valores e servi\u00e7os de alto padr\u00e3o.<\/p>\n<h2><strong>Atendimento Exclusivo via Celular e WhatsApp:<\/strong><strong>\u00a0(<\/strong><b>31) 9 8030-0326<\/b><strong><br \/>\n<\/strong><\/h2>\n<p><strong>E-mail: <span id=\"cloak4bfaf2557c863f06756b8b9bfc197ced\"><a title=\"Conserto de Persianas BH\" href=\"mailto:bhconsertapersianas@gmail.com\">bhconsertapersianas@gmail.com<\/a><\/span><\/strong><\/p>\n<p>Atendemos BH e toda regi\u00e3o metropolitana e algumas cidades do interior. Consulte-nos. Ser\u00e1 um prazer atend\u00ea-lo.<strong><br \/>\n<\/strong>Trabalhamos com v\u00e1rias formas de pagamento. Com certeza, existe uma para melhor atend\u00ea-lo.<strong><br \/>\n<\/strong><\/p>\n<p><strong>Atendimento: de segunda \u00e0 sexta: 9:30 h \u00e0s 17 h.<\/strong><\/p>\n<p><img loading=\"lazy\" decoding=\"async\" class=\"alignnone size-medium wp-image-344\" src=\"https:\/\/bhconsertapersianas.com.br\/wp-content\/uploads\/2024\/05\/consertos-webp-300x191.webp\" alt=\"Consertos de Persianas BH\" width=\"300\" height=\"191\" srcset=\"https:\/\/www.bhconsertapersianas.com.br\/wp-content\/uploads\/2024\/05\/consertos-webp-300x191.webp 300w, https:\/\/www.bhconsertapersianas.com.br\/wp-content\/uploads\/2024\/05\/consertos-webp.webp 345w\" sizes=\"auto, (max-width: 300px) 100vw, 300px\" \/>\u00a0 \u00a0 \u00a0<img loading=\"lazy\" decoding=\"async\" class=\"alignnone size-medium wp-image-345\" src=\"https:\/\/bhconsertapersianas.com.br\/wp-content\/uploads\/2024\/05\/colocacao-webp-300x191.webp\" alt=\"Instala\u00e7\u00e3o de Persianas BH\" width=\"300\" height=\"191\" srcset=\"https:\/\/www.bhconsertapersianas.com.br\/wp-content\/uploads\/2024\/05\/colocacao-webp-300x191.webp 300w, https:\/\/www.bhconsertapersianas.com.br\/wp-content\/uploads\/2024\/05\/colocacao-webp.webp 345w\" sizes=\"auto, (max-width: 300px) 100vw, 300px\" \/>\u00a0 \u00a0 <img loading=\"lazy\" decoding=\"async\" class=\"alignnone size-medium wp-image-348\" src=\"https:\/\/bhconsertapersianas.com.br\/wp-content\/uploads\/2024\/05\/assistencia-tecnica-webp-300x191.webp\" alt=\"Assist\u00eancia T\u00e9cnica Persianas BH\" width=\"300\" height=\"191\" srcset=\"https:\/\/www.bhconsertapersianas.com.br\/wp-content\/uploads\/2024\/05\/assistencia-tecnica-webp-300x191.webp 300w, https:\/\/www.bhconsertapersianas.com.br\/wp-content\/uploads\/2024\/05\/assistencia-tecnica-webp.webp 345w\" sizes=\"auto, (max-width: 300px) 100vw, 300px\" \/><\/p>\n<p><img loading=\"lazy\" decoding=\"async\" class=\"alignnone size-medium wp-image-349\" src=\"https:\/\/bhconsertapersianas.com.br\/wp-content\/uploads\/2024\/05\/instalacao-webp-300x191.webp\" alt=\"Instala\u00e7\u00e3o de Persianas e Cortinas\" width=\"300\" height=\"191\" srcset=\"https:\/\/www.bhconsertapersianas.com.br\/wp-content\/uploads\/2024\/05\/instalacao-webp-300x191.webp 300w, https:\/\/www.bhconsertapersianas.com.br\/wp-content\/uploads\/2024\/05\/instalacao-webp.webp 345w\" sizes=\"auto, (max-width: 300px) 100vw, 300px\" \/>\u00a0 \u00a0 \u00a0<img loading=\"lazy\" decoding=\"async\" class=\"alignnone size-medium wp-image-350\" src=\"https:\/\/bhconsertapersianas.com.br\/wp-content\/uploads\/2024\/05\/limpeza-webp-300x191.webp\" alt=\"Limpeza de Persianas e Cortinas\" width=\"300\" height=\"191\" srcset=\"https:\/\/www.bhconsertapersianas.com.br\/wp-content\/uploads\/2024\/05\/limpeza-webp-300x191.webp 300w, https:\/\/www.bhconsertapersianas.com.br\/wp-content\/uploads\/2024\/05\/limpeza-webp.webp 345w\" sizes=\"auto, (max-width: 300px) 100vw, 300px\" \/>\u00a0 \u00a0 \u00a0<img loading=\"lazy\" decoding=\"async\" class=\"alignnone size-medium wp-image-351\" src=\"https:\/\/bhconsertapersianas.com.br\/wp-content\/uploads\/2024\/05\/manutencao-webp-300x191.webp\" alt=\"Manuten\u00e7\u00e3o de Persianas\" width=\"300\" height=\"191\" srcset=\"https:\/\/www.bhconsertapersianas.com.br\/wp-content\/uploads\/2024\/05\/manutencao-webp-300x191.webp 300w, https:\/\/www.bhconsertapersianas.com.br\/wp-content\/uploads\/2024\/05\/manutencao-webp.webp 345w\" sizes=\"auto, (max-width: 300px) 100vw, 300px\" \/><\/p>\n<p><img loading=\"lazy\" decoding=\"async\" class=\"alignnone size-medium wp-image-353\" src=\"https:\/\/bhconsertapersianas.com.br\/wp-content\/uploads\/2024\/05\/motorizacao-webp-300x191.webp\" alt=\"Motoriza\u00e7\u00e3o de Persianas\" width=\"300\" height=\"191\" srcset=\"https:\/\/www.bhconsertapersianas.com.br\/wp-content\/uploads\/2024\/05\/motorizacao-webp-300x191.webp 300w, https:\/\/www.bhconsertapersianas.com.br\/wp-content\/uploads\/2024\/05\/motorizacao-webp.webp 345w\" sizes=\"auto, (max-width: 300px) 100vw, 300px\" \/>\u00a0 \u00a0 \u00a0<img loading=\"lazy\" decoding=\"async\" class=\"alignnone size-medium wp-image-354\" src=\"https:\/\/bhconsertapersianas.com.br\/wp-content\/uploads\/2024\/05\/reparos-webp-300x191.webp\" alt=\"Reparos de Persianas\" width=\"300\" height=\"191\" srcset=\"https:\/\/www.bhconsertapersianas.com.br\/wp-content\/uploads\/2024\/05\/reparos-webp-300x191.webp 300w, https:\/\/www.bhconsertapersianas.com.br\/wp-content\/uploads\/2024\/05\/reparos-webp.webp 345w\" sizes=\"auto, (max-width: 300px) 100vw, 300px\" \/>\u00a0 \u00a0 \u00a0<img loading=\"lazy\" decoding=\"async\" class=\"alignnone size-medium wp-image-355\" src=\"https:\/\/bhconsertapersianas.com.br\/wp-content\/uploads\/2024\/05\/toldos-webp-300x191.webp\" alt=\"Toldos\" width=\"300\" height=\"191\" srcset=\"https:\/\/www.bhconsertapersianas.com.br\/wp-content\/uploads\/2024\/05\/toldos-webp-300x191.webp 300w, https:\/\/www.bhconsertapersianas.com.br\/wp-content\/uploads\/2024\/05\/toldos-webp.webp 345w\" sizes=\"auto, (max-width: 300px) 100vw, 300px\" \/><\/p>\n<p>&nbsp;<\/p>\n<p><img loading=\"lazy\" decoding=\"async\" class=\"alignnone wp-image-357 size-full\" src=\"https:\/\/bhconsertapersianas.com.br\/wp-content\/uploads\/2024\/05\/carrov4.webp\" alt=\"BH Conserta Persianas\" width=\"1090\" height=\"140\" srcset=\"https:\/\/www.bhconsertapersianas.com.br\/wp-content\/uploads\/2024\/05\/carrov4.webp 1090w, https:\/\/www.bhconsertapersianas.com.br\/wp-content\/uploads\/2024\/05\/carrov4-300x39.webp 300w, https:\/\/www.bhconsertapersianas.com.br\/wp-content\/uploads\/2024\/05\/carrov4-1024x132.webp 1024w, https:\/\/www.bhconsertapersianas.com.br\/wp-content\/uploads\/2024\/05\/carrov4-768x99.webp 768w\" sizes=\"auto, (max-width: 1090px) 100vw, 1090px\" \/><\/p>\n","protected":false},"excerpt":{"rendered":"<p>A \u00a0BH Conserta Persianas, \u00e9 uma empresa especializada \u00a0que conta com \u00f3timos profissionais, com mais de 20 anos de experi\u00eancia em Vendas, Manuten\u00e7\u00e3o, Lavagem, Instala\u00e7\u00e3o e Motoriza\u00e7\u00e3o de cortinas e persianas de todas as marcas e modelos. Chegamos para suprir<\/p>\n","protected":false},"author":1,"featured_media":0,"parent":0,"menu_order":0,"comment_status":"closed","ping_status":"closed","template":"","meta":{"_joinchat":[],"footnotes":""},"class_list":["post-342","page","type-page","status-publish","hentry"],"yoast_head":"<!-- This site is optimized with the Yoast SEO plugin v25.3 - https:\/\/yoast.com\/wordpress\/plugins\/seo\/ -->\n<title>Conserto de Persianas BH - BH Conserta Persianas<\/title>\n<meta name=\"robots\" content=\"index, follow, max-snippet:-1, max-image-preview:large, max-video-preview:-1\" \/>\n<link rel=\"canonical\" href=\"https:\/\/www.bhconsertapersianas.com.br\/\" \/>\n<meta property=\"og:locale\" content=\"pt_BR\" \/>\n<meta property=\"og:type\" content=\"article\" \/>\n<meta property=\"og:title\" content=\"Conserto de Persianas BH - BH Conserta Persianas\" \/>\n<meta property=\"og:description\" content=\"A \u00a0BH Conserta Persianas, \u00e9 uma empresa especializada \u00a0que conta com \u00f3timos profissionais, com mais de 20 anos de experi\u00eancia em Vendas, Manuten\u00e7\u00e3o, Lavagem, Instala\u00e7\u00e3o e Motoriza\u00e7\u00e3o de cortinas e persianas de todas as marcas e modelos. Chegamos para suprir\" \/>\n<meta property=\"og:url\" content=\"https:\/\/www.bhconsertapersianas.com.br\/\" \/>\n<meta property=\"og:site_name\" content=\"BH Conserta Persianas\" \/>\n<meta property=\"og:image\" content=\"https:\/\/bhconsertapersianas.com.br\/wp-content\/uploads\/2024\/05\/consertos-webp-300x191.webp\" \/>\n<meta name=\"twitter:card\" content=\"summary_large_image\" \/>\n<meta name=\"twitter:label1\" content=\"Est. tempo de leitura\" \/>\n\t<meta name=\"twitter:data1\" content=\"1 minuto\" \/>\n<script type=\"application\/ld+json\" class=\"yoast-schema-graph\">{\"@context\":\"https:\/\/schema.org\",\"@graph\":[{\"@type\":\"WebPage\",\"@id\":\"https:\/\/www.bhconsertapersianas.com.br\/\",\"url\":\"https:\/\/www.bhconsertapersianas.com.br\/\",\"name\":\"Conserto de Persianas BH - BH Conserta Persianas\",\"isPartOf\":{\"@id\":\"https:\/\/www.bhconsertapersianas.com.br\/#website\"},\"primaryImageOfPage\":{\"@id\":\"https:\/\/www.bhconsertapersianas.com.br\/#primaryimage\"},\"image\":{\"@id\":\"https:\/\/www.bhconsertapersianas.com.br\/#primaryimage\"},\"thumbnailUrl\":\"https:\/\/bhconsertapersianas.com.br\/wp-content\/uploads\/2024\/05\/consertos-webp-300x191.webp\",\"datePublished\":\"2024-05-29T18:23:30+00:00\",\"breadcrumb\":{\"@id\":\"https:\/\/www.bhconsertapersianas.com.br\/#breadcrumb\"},\"inLanguage\":\"pt-BR\",\"potentialAction\":[{\"@type\":\"ReadAction\",\"target\":[\"https:\/\/www.bhconsertapersianas.com.br\/\"]}]},{\"@type\":\"ImageObject\",\"inLanguage\":\"pt-BR\",\"@id\":\"https:\/\/www.bhconsertapersianas.com.br\/#primaryimage\",\"url\":\"https:\/\/bhconsertapersianas.com.br\/wp-content\/uploads\/2024\/05\/consertos-webp-300x191.webp\",\"contentUrl\":\"https:\/\/bhconsertapersianas.com.br\/wp-content\/uploads\/2024\/05\/consertos-webp-300x191.webp\"},{\"@type\":\"BreadcrumbList\",\"@id\":\"https:\/\/www.bhconsertapersianas.com.br\/#breadcrumb\",\"itemListElement\":[{\"@type\":\"ListItem\",\"position\":1,\"name\":\"In\u00edcio\",\"item\":\"https:\/\/www.bhconsertapersianas.com.br\/\"},{\"@type\":\"ListItem\",\"position\":2,\"name\":\"Conserto de Persianas BH\"}]},{\"@type\":\"WebSite\",\"@id\":\"https:\/\/www.bhconsertapersianas.com.br\/#website\",\"url\":\"https:\/\/www.bhconsertapersianas.com.br\/\",\"name\":\"BH Conserta Persianas\",\"description\":\"\",\"publisher\":{\"@id\":\"https:\/\/www.bhconsertapersianas.com.br\/#organization\"},\"potentialAction\":[{\"@type\":\"SearchAction\",\"target\":{\"@type\":\"EntryPoint\",\"urlTemplate\":\"https:\/\/www.bhconsertapersianas.com.br\/?s={search_term_string}\"},\"query-input\":{\"@type\":\"PropertyValueSpecification\",\"valueRequired\":true,\"valueName\":\"search_term_string\"}}],\"inLanguage\":\"pt-BR\"},{\"@type\":\"Organization\",\"@id\":\"https:\/\/www.bhconsertapersianas.com.br\/#organization\",\"name\":\"BH Conserta Persianas\",\"url\":\"https:\/\/www.bhconsertapersianas.com.br\/\",\"logo\":{\"@type\":\"ImageObject\",\"inLanguage\":\"pt-BR\",\"@id\":\"https:\/\/www.bhconsertapersianas.com.br\/#\/schema\/logo\/image\/\",\"url\":\"https:\/\/www.bhconsertapersianas.com.br\/wp-content\/uploads\/2024\/05\/bh-conserta-logomarca.webp\",\"contentUrl\":\"https:\/\/www.bhconsertapersianas.com.br\/wp-content\/uploads\/2024\/05\/bh-conserta-logomarca.webp\",\"width\":306,\"height\":60,\"caption\":\"BH Conserta Persianas\"},\"image\":{\"@id\":\"https:\/\/www.bhconsertapersianas.com.br\/#\/schema\/logo\/image\/\"}}]}<\/script>\n<!-- \/ Yoast SEO plugin. -->","yoast_head_json":{"title":"Conserto de Persianas BH - BH Conserta Persianas","robots":{"index":"index","follow":"follow","max-snippet":"max-snippet:-1","max-image-preview":"max-image-preview:large","max-video-preview":"max-video-preview:-1"},"canonical":"https:\/\/www.bhconsertapersianas.com.br\/","og_locale":"pt_BR","og_type":"article","og_title":"Conserto de Persianas BH - BH Conserta Persianas","og_description":"A \u00a0BH Conserta Persianas, \u00e9 uma empresa especializada \u00a0que conta com \u00f3timos profissionais, com mais de 20 anos de experi\u00eancia em Vendas, Manuten\u00e7\u00e3o, Lavagem, Instala\u00e7\u00e3o e Motoriza\u00e7\u00e3o de cortinas e persianas de todas as marcas e modelos. Chegamos para suprir","og_url":"https:\/\/www.bhconsertapersianas.com.br\/","og_site_name":"BH Conserta Persianas","og_image":[{"url":"https:\/\/bhconsertapersianas.com.br\/wp-content\/uploads\/2024\/05\/consertos-webp-300x191.webp","type":"","width":"","height":""}],"twitter_card":"summary_large_image","twitter_misc":{"Est. tempo de leitura":"1 minuto"},"schema":{"@context":"https:\/\/schema.org","@graph":[{"@type":"WebPage","@id":"https:\/\/www.bhconsertapersianas.com.br\/","url":"https:\/\/www.bhconsertapersianas.com.br\/","name":"Conserto de Persianas BH - BH Conserta Persianas","isPartOf":{"@id":"https:\/\/www.bhconsertapersianas.com.br\/#website"},"primaryImageOfPage":{"@id":"https:\/\/www.bhconsertapersianas.com.br\/#primaryimage"},"image":{"@id":"https:\/\/www.bhconsertapersianas.com.br\/#primaryimage"},"thumbnailUrl":"https:\/\/bhconsertapersianas.com.br\/wp-content\/uploads\/2024\/05\/consertos-webp-300x191.webp","datePublished":"2024-05-29T18:23:30+00:00","breadcrumb":{"@id":"https:\/\/www.bhconsertapersianas.com.br\/#breadcrumb"},"inLanguage":"pt-BR","potentialAction":[{"@type":"ReadAction","target":["https:\/\/www.bhconsertapersianas.com.br\/"]}]},{"@type":"ImageObject","inLanguage":"pt-BR","@id":"https:\/\/www.bhconsertapersianas.com.br\/#primaryimage","url":"https:\/\/bhconsertapersianas.com.br\/wp-content\/uploads\/2024\/05\/consertos-webp-300x191.webp","contentUrl":"https:\/\/bhconsertapersianas.com.br\/wp-content\/uploads\/2024\/05\/consertos-webp-300x191.webp"},{"@type":"BreadcrumbList","@id":"https:\/\/www.bhconsertapersianas.com.br\/#breadcrumb","itemListElement":[{"@type":"ListItem","position":1,"name":"In\u00edcio","item":"https:\/\/www.bhconsertapersianas.com.br\/"},{"@type":"ListItem","position":2,"name":"Conserto de Persianas BH"}]},{"@type":"WebSite","@id":"https:\/\/www.bhconsertapersianas.com.br\/#website","url":"https:\/\/www.bhconsertapersianas.com.br\/","name":"BH Conserta Persianas","description":"","publisher":{"@id":"https:\/\/www.bhconsertapersianas.com.br\/#organization"},"potentialAction":[{"@type":"SearchAction","target":{"@type":"EntryPoint","urlTemplate":"https:\/\/www.bhconsertapersianas.com.br\/?s={search_term_string}"},"query-input":{"@type":"PropertyValueSpecification","valueRequired":true,"valueName":"search_term_string"}}],"inLanguage":"pt-BR"},{"@type":"Organization","@id":"https:\/\/www.bhconsertapersianas.com.br\/#organization","name":"BH Conserta Persianas","url":"https:\/\/www.bhconsertapersianas.com.br\/","logo":{"@type":"ImageObject","inLanguage":"pt-BR","@id":"https:\/\/www.bhconsertapersianas.com.br\/#\/schema\/logo\/image\/","url":"https:\/\/www.bhconsertapersianas.com.br\/wp-content\/uploads\/2024\/05\/bh-conserta-logomarca.webp","contentUrl":"https:\/\/www.bhconsertapersianas.com.br\/wp-content\/uploads\/2024\/05\/bh-conserta-logomarca.webp","width":306,"height":60,"caption":"BH Conserta Persianas"},"image":{"@id":"https:\/\/www.bhconsertapersianas.com.br\/#\/schema\/logo\/image\/"}}]}},"_links":{"self":[{"href":"https:\/\/www.bhconsertapersianas.com.br\/index.php\/wp-json\/wp\/v2\/pages\/342","targetHints":{"allow":["GET"]}}],"collection":[{"href":"https:\/\/www.bhconsertapersianas.com.br\/index.php\/wp-json\/wp\/v2\/pages"}],"about":[{"href":"https:\/\/www.bhconsertapersianas.com.br\/index.php\/wp-json\/wp\/v2\/types\/page"}],"author":[{"embeddable":true,"href":"https:\/\/www.bhconsertapersianas.com.br\/index.php\/wp-json\/wp\/v2\/users\/1"}],"replies":[{"embeddable":true,"href":"https:\/\/www.bhconsertapersianas.com.br\/index.php\/wp-json\/wp\/v2\/comments?post=342"}],"version-history":[{"count":0,"href":"https:\/\/www.bhconsertapersianas.com.br\/index.php\/wp-json\/wp\/v2\/pages\/342\/revisions"}],"wp:attachment":[{"href":"https:\/\/www.bhconsertapersianas.com.br\/index.php\/wp-json\/wp\/v2\/media?parent=342"}],"curies":[{"name":"wp","href":"https:\/\/api.w.org\/{rel}","templated":true}]}}