{"id":389,"date":"2024-05-29T20:02:46","date_gmt":"2024-05-29T20:02:46","guid":{"rendered":"https:\/\/bhconsertapersianas.com.br\/2024\/?page_id=389"},"modified":"2024-05-29T21:01:20","modified_gmt":"2024-05-29T21:01:20","slug":"lavagem-de-cortinas-e-persianas","status":"publish","type":"page","link":"https:\/\/www.bhconsertapersianas.com.br\/index.php\/lavagem-de-cortinas-e-persianas\/","title":{"rendered":"Lavagem de Cortinas e Persianas"},"content":{"rendered":"<h2>Lavagem de Cortinas e Persianas<\/h2>\n<p>Executamos a Lavagem de toda a linha de produtos de cortinas e persianas, seguindo as recomenda\u00e7\u00f5es do fabricante, porque os tecidos s\u00e3o de alta tecnologia, mas t\u00eam restri\u00e7\u00f5es quanto a produtos altamente abrasivos, como s\u00e3o os produtos de limpeza que est\u00e3o no mercado convencional.<\/p>\n<p>Recomendamos que as cortinas e persianas sejam lavadas no m\u00ednimo uma vez ao ano. O tratamento antiest\u00e1tico, pelo qual os produtos s\u00e3o submetidos, minimiza o efeito de absor\u00e7\u00e3o de poeira e \u00e1caros, mas mesmo assim, tanto a sujeira, quanto as bact\u00e9rias ficam apoiadas nos produtos e se n\u00e3o s\u00e3o retiradas, acabam deteriorando os produtos e at\u00e9 comprometendo a garantia.<\/p>\n<h2><strong>Atendimento Exclusivo via Celular e WhatsApp:<\/strong><strong>\u00a0(<\/strong><b>31) 9 8030-0326<\/b><\/h2>\n<p><strong>E-mail:\u00a0<span id=\"cloakea8891e56bd4fa646153a4fac9348317\"><a title=\"Conserto de Persianas BH\" href=\"mailto:bhconsertapersianas@gmail.com\">bhconsertapersianas@gmail.com<\/a><\/span><\/strong><\/p>\n<p>Atendemos BH e toda regi\u00e3o metropolitana e algumas cidades do interior. Consulte-nos. Ser\u00e1 um prazer atend\u00ea-lo.<strong><br \/>\n<\/strong>Trabalhamos com v\u00e1rias formas de pagamento. Com certeza, existe uma para melhor atend\u00ea-lo.<strong><br \/>\n<\/strong><\/p>\n<p><strong>Atendimento: de segunda \u00e0 sexta: 9:30 h \u00e0s 17 h.<br \/>\n<\/strong><\/p>\n<p>Com a BH Conserta Persianas, voc\u00ea poder\u00e1 ficar tranquilo, pois damos garantia dos nossos servi\u00e7os prestados.<br \/>\nA \u00a0<strong>BH Conserta Persianas<\/strong>, \u00e9 uma empresa especializada em Manuten\u00e7\u00e3o, Lavagem, instala\u00e7\u00e3o e motoriza\u00e7\u00e3o de cortinas e persianas de todas as marcas e modelos. A BH Conserta Persianas \u00e9 moderna, arrojada e diversificada que preza o bom relacionamento com seus clientes. Trabalhamos com o compromisso da qualidade e da excel\u00eancia na presta\u00e7\u00e3o de servi\u00e7o, com atendimento personalizado e negocia\u00e7\u00e3o flex\u00edvel.<\/p>\n<p>Chegamos para suprir a necessidade do mercado, que est\u00e1 carente de uma <strong>assist\u00eancia t\u00e9cnica<\/strong> especializada, com \u00f3timo atendimento e pre\u00e7os competitivos e acess\u00edveis a todos. Hoje, atendimento, \u00a0pre\u00e7o e qualidade \u00e9 o que todos os nossos clientes merecem \u00a0e \u00e9 por isto que optamos por ser uma empresa que agregue valores e servi\u00e7os de alto padr\u00e3o.<br \/>\nRefor\u00e7amos que mantemos o compromisso de n\u00e3o trabalhar com venda de cortinas e persianas, pois nosso foco \u00e9 dar a assist\u00eancia necess\u00e1ria ap\u00f3s o cliente adquirir os produtos.<br \/>\nAtendemos BH e toda regi\u00e3o metropolitana e algumas cidades do interior. Consulte-nos. Ser\u00e1 um prazer atend\u00ea-lo.<strong><br \/>\n<\/strong>Trabalhamos com v\u00e1rias formas de pagamento. Com certeza, existe uma para melhor atend\u00ea-lo.<strong><br \/>\n<\/strong><\/p>\n<p><strong><br \/>\n<\/strong><em>Aprenda como limpar as suas persianas:<\/em><\/p>\n<div>Alum\u00ednio, tecido e madeira&#8230; N\u00e3o importa o tipo de persiana. \u00c9 sempre um sacrif\u00edcio limp\u00e1-la e realizar a manuten\u00e7\u00e3o corretamente a fim de que ela dure mais. No entanto, isso pode ser mais simples do que voc\u00ea imagina.<\/div>\n<div>Para limpar as persianas \u00e9 recomendado passar espanador de p\u00f3 ou pano seco uma vez por semana. Essa manuten\u00e7\u00e3o \u00e9 feita somente para tirar o grosso do dia-a-dia<\/div>\n<div>Essa manuten\u00e7\u00e3o preventiva \u00e9 feita somente para que a persiana dure pelo menos um ano,<b> at\u00e9 ser feita uma lavagem chamada ultra-s\u00f4nica, em que a persiana \u00e9 imersa em \u00e1gua com produtos qu\u00edmicos pr\u00f3prios e n\u00e3o existe contato com as m\u00e3os<\/b>. Depois, a persiana vai pra uma estufa e seca. O resultado \u00e9 uma persiana impec\u00e1vel, como nova. Geralmente, os trilhos acumulam muito p\u00f3, mas o cliente n\u00e3o consegue ver. Por isso, a lavagem \u00e9 importante<\/div>\n<div>\n<p>No entanto, durante o resto do ano, a umidade deve ser evitada. Por isso, \u00e9 importante n\u00e3o passar nenhum produto qu\u00edmico ou pano \u00famido, que podem empenar a persiana.<\/p>\n<p>J\u00e1 nas persianas de tecido, pode-se usar aspirador com bocal de escova pra tirar o p\u00f3. Nas persianas de tecido, se demorar mais que um ano para fazer isso, elas podem encardir e a lavagem ultra-s\u00f4nica n\u00e3o vai ser t\u00e3o eficiente, porque ela ainda vai ficar escura.<br \/>\nTudo bem se as persianas tomarem muito sol, afinal, s\u00e3o feitas para isso. A \u00fanica coisa que \u00e9 importante evitar \u00e9 o contato com a umidade e vento, por isso, o ideal \u00e9 usar a persiana sempre com a janela fechada, para n\u00e3o danificar a pe\u00e7a.<\/p>\n<p><img loading=\"lazy\" decoding=\"async\" class=\"aligncenter wp-image-390 size-full\" src=\"https:\/\/bhconsertapersianas.com.br\/wp-content\/uploads\/2024\/05\/lavagem-de-persianas.jpg\" alt=\"Lavagem de Cortinas e Persianas\" width=\"1090\" height=\"510\" srcset=\"https:\/\/www.bhconsertapersianas.com.br\/wp-content\/uploads\/2024\/05\/lavagem-de-persianas.jpg 1090w, https:\/\/www.bhconsertapersianas.com.br\/wp-content\/uploads\/2024\/05\/lavagem-de-persianas-300x140.jpg 300w, https:\/\/www.bhconsertapersianas.com.br\/wp-content\/uploads\/2024\/05\/lavagem-de-persianas-1024x479.jpg 1024w, https:\/\/www.bhconsertapersianas.com.br\/wp-content\/uploads\/2024\/05\/lavagem-de-persianas-768x359.jpg 768w\" sizes=\"auto, (max-width: 1090px) 100vw, 1090px\" \/><\/p>\n<\/div>\n","protected":false},"excerpt":{"rendered":"<p>Lavagem de Cortinas e Persianas Executamos a Lavagem de toda a linha de produtos de cortinas e persianas, seguindo as recomenda\u00e7\u00f5es do fabricante, porque os tecidos s\u00e3o de alta tecnologia, mas t\u00eam restri\u00e7\u00f5es quanto a produtos altamente abrasivos, como s\u00e3o<\/p>\n","protected":false},"author":1,"featured_media":0,"parent":0,"menu_order":0,"comment_status":"closed","ping_status":"closed","template":"","meta":{"_joinchat":[],"footnotes":""},"class_list":["post-389","page","type-page","status-publish","hentry"],"yoast_head":"<!-- This site is optimized with the Yoast SEO plugin v25.3 - https:\/\/yoast.com\/wordpress\/plugins\/seo\/ -->\n<title>Lavagem de Cortinas e Persianas - BH Conserta Persianas<\/title>\n<meta name=\"robots\" content=\"index, follow, max-snippet:-1, max-image-preview:large, max-video-preview:-1\" \/>\n<link rel=\"canonical\" href=\"https:\/\/www.bhconsertapersianas.com.br\/index.php\/lavagem-de-cortinas-e-persianas\/\" \/>\n<meta property=\"og:locale\" content=\"pt_BR\" \/>\n<meta property=\"og:type\" content=\"article\" \/>\n<meta property=\"og:title\" content=\"Lavagem de Cortinas e Persianas - BH Conserta Persianas\" \/>\n<meta property=\"og:description\" content=\"Lavagem de Cortinas e Persianas Executamos a Lavagem de toda a linha de produtos de cortinas e persianas, seguindo as recomenda\u00e7\u00f5es do fabricante, porque os tecidos s\u00e3o de alta tecnologia, mas t\u00eam restri\u00e7\u00f5es quanto a produtos altamente abrasivos, como s\u00e3o\" \/>\n<meta property=\"og:url\" content=\"https:\/\/www.bhconsertapersianas.com.br\/index.php\/lavagem-de-cortinas-e-persianas\/\" \/>\n<meta property=\"og:site_name\" content=\"BH Conserta Persianas\" \/>\n<meta property=\"article:modified_time\" content=\"2024-05-29T21:01:20+00:00\" \/>\n<meta property=\"og:image\" content=\"https:\/\/bhconsertapersianas.com.br\/wp-content\/uploads\/2024\/05\/lavagem-de-persianas.jpg\" \/>\n<meta name=\"twitter:card\" content=\"summary_large_image\" \/>\n<meta name=\"twitter:label1\" content=\"Est. tempo de leitura\" \/>\n\t<meta name=\"twitter:data1\" content=\"3 minutos\" \/>\n<script type=\"application\/ld+json\" class=\"yoast-schema-graph\">{\"@context\":\"https:\/\/schema.org\",\"@graph\":[{\"@type\":\"WebPage\",\"@id\":\"https:\/\/www.bhconsertapersianas.com.br\/index.php\/lavagem-de-cortinas-e-persianas\/\",\"url\":\"https:\/\/www.bhconsertapersianas.com.br\/index.php\/lavagem-de-cortinas-e-persianas\/\",\"name\":\"Lavagem de Cortinas e Persianas - BH Conserta Persianas\",\"isPartOf\":{\"@id\":\"https:\/\/www.bhconsertapersianas.com.br\/#website\"},\"primaryImageOfPage\":{\"@id\":\"https:\/\/www.bhconsertapersianas.com.br\/index.php\/lavagem-de-cortinas-e-persianas\/#primaryimage\"},\"image\":{\"@id\":\"https:\/\/www.bhconsertapersianas.com.br\/index.php\/lavagem-de-cortinas-e-persianas\/#primaryimage\"},\"thumbnailUrl\":\"https:\/\/bhconsertapersianas.com.br\/wp-content\/uploads\/2024\/05\/lavagem-de-persianas.jpg\",\"datePublished\":\"2024-05-29T20:02:46+00:00\",\"dateModified\":\"2024-05-29T21:01:20+00:00\",\"breadcrumb\":{\"@id\":\"https:\/\/www.bhconsertapersianas.com.br\/index.php\/lavagem-de-cortinas-e-persianas\/#breadcrumb\"},\"inLanguage\":\"pt-BR\",\"potentialAction\":[{\"@type\":\"ReadAction\",\"target\":[\"https:\/\/www.bhconsertapersianas.com.br\/index.php\/lavagem-de-cortinas-e-persianas\/\"]}]},{\"@type\":\"ImageObject\",\"inLanguage\":\"pt-BR\",\"@id\":\"https:\/\/www.bhconsertapersianas.com.br\/index.php\/lavagem-de-cortinas-e-persianas\/#primaryimage\",\"url\":\"https:\/\/bhconsertapersianas.com.br\/wp-content\/uploads\/2024\/05\/lavagem-de-persianas.jpg\",\"contentUrl\":\"https:\/\/bhconsertapersianas.com.br\/wp-content\/uploads\/2024\/05\/lavagem-de-persianas.jpg\"},{\"@type\":\"BreadcrumbList\",\"@id\":\"https:\/\/www.bhconsertapersianas.com.br\/index.php\/lavagem-de-cortinas-e-persianas\/#breadcrumb\",\"itemListElement\":[{\"@type\":\"ListItem\",\"position\":1,\"name\":\"In\u00edcio\",\"item\":\"https:\/\/www.bhconsertapersianas.com.br\/\"},{\"@type\":\"ListItem\",\"position\":2,\"name\":\"Lavagem de Cortinas e Persianas\"}]},{\"@type\":\"WebSite\",\"@id\":\"https:\/\/www.bhconsertapersianas.com.br\/#website\",\"url\":\"https:\/\/www.bhconsertapersianas.com.br\/\",\"name\":\"BH Conserta Persianas\",\"description\":\"\",\"publisher\":{\"@id\":\"https:\/\/www.bhconsertapersianas.com.br\/#organization\"},\"potentialAction\":[{\"@type\":\"SearchAction\",\"target\":{\"@type\":\"EntryPoint\",\"urlTemplate\":\"https:\/\/www.bhconsertapersianas.com.br\/?s={search_term_string}\"},\"query-input\":{\"@type\":\"PropertyValueSpecification\",\"valueRequired\":true,\"valueName\":\"search_term_string\"}}],\"inLanguage\":\"pt-BR\"},{\"@type\":\"Organization\",\"@id\":\"https:\/\/www.bhconsertapersianas.com.br\/#organization\",\"name\":\"BH Conserta Persianas\",\"url\":\"https:\/\/www.bhconsertapersianas.com.br\/\",\"logo\":{\"@type\":\"ImageObject\",\"inLanguage\":\"pt-BR\",\"@id\":\"https:\/\/www.bhconsertapersianas.com.br\/#\/schema\/logo\/image\/\",\"url\":\"https:\/\/www.bhconsertapersianas.com.br\/wp-content\/uploads\/2024\/05\/bh-conserta-logomarca.webp\",\"contentUrl\":\"https:\/\/www.bhconsertapersianas.com.br\/wp-content\/uploads\/2024\/05\/bh-conserta-logomarca.webp\",\"width\":306,\"height\":60,\"caption\":\"BH Conserta Persianas\"},\"image\":{\"@id\":\"https:\/\/www.bhconsertapersianas.com.br\/#\/schema\/logo\/image\/\"}}]}<\/script>\n<!-- \/ Yoast SEO plugin. -->","yoast_head_json":{"title":"Lavagem de Cortinas e Persianas - BH Conserta Persianas","robots":{"index":"index","follow":"follow","max-snippet":"max-snippet:-1","max-image-preview":"max-image-preview:large","max-video-preview":"max-video-preview:-1"},"canonical":"https:\/\/www.bhconsertapersianas.com.br\/index.php\/lavagem-de-cortinas-e-persianas\/","og_locale":"pt_BR","og_type":"article","og_title":"Lavagem de Cortinas e Persianas - BH Conserta Persianas","og_description":"Lavagem de Cortinas e Persianas Executamos a Lavagem de toda a linha de produtos de cortinas e persianas, seguindo as recomenda\u00e7\u00f5es do fabricante, porque os tecidos s\u00e3o de alta tecnologia, mas t\u00eam restri\u00e7\u00f5es quanto a produtos altamente abrasivos, como s\u00e3o","og_url":"https:\/\/www.bhconsertapersianas.com.br\/index.php\/lavagem-de-cortinas-e-persianas\/","og_site_name":"BH Conserta Persianas","article_modified_time":"2024-05-29T21:01:20+00:00","og_image":[{"url":"https:\/\/bhconsertapersianas.com.br\/wp-content\/uploads\/2024\/05\/lavagem-de-persianas.jpg","type":"","width":"","height":""}],"twitter_card":"summary_large_image","twitter_misc":{"Est. tempo de leitura":"3 minutos"},"schema":{"@context":"https:\/\/schema.org","@graph":[{"@type":"WebPage","@id":"https:\/\/www.bhconsertapersianas.com.br\/index.php\/lavagem-de-cortinas-e-persianas\/","url":"https:\/\/www.bhconsertapersianas.com.br\/index.php\/lavagem-de-cortinas-e-persianas\/","name":"Lavagem de Cortinas e Persianas - BH Conserta Persianas","isPartOf":{"@id":"https:\/\/www.bhconsertapersianas.com.br\/#website"},"primaryImageOfPage":{"@id":"https:\/\/www.bhconsertapersianas.com.br\/index.php\/lavagem-de-cortinas-e-persianas\/#primaryimage"},"image":{"@id":"https:\/\/www.bhconsertapersianas.com.br\/index.php\/lavagem-de-cortinas-e-persianas\/#primaryimage"},"thumbnailUrl":"https:\/\/bhconsertapersianas.com.br\/wp-content\/uploads\/2024\/05\/lavagem-de-persianas.jpg","datePublished":"2024-05-29T20:02:46+00:00","dateModified":"2024-05-29T21:01:20+00:00","breadcrumb":{"@id":"https:\/\/www.bhconsertapersianas.com.br\/index.php\/lavagem-de-cortinas-e-persianas\/#breadcrumb"},"inLanguage":"pt-BR","potentialAction":[{"@type":"ReadAction","target":["https:\/\/www.bhconsertapersianas.com.br\/index.php\/lavagem-de-cortinas-e-persianas\/"]}]},{"@type":"ImageObject","inLanguage":"pt-BR","@id":"https:\/\/www.bhconsertapersianas.com.br\/index.php\/lavagem-de-cortinas-e-persianas\/#primaryimage","url":"https:\/\/bhconsertapersianas.com.br\/wp-content\/uploads\/2024\/05\/lavagem-de-persianas.jpg","contentUrl":"https:\/\/bhconsertapersianas.com.br\/wp-content\/uploads\/2024\/05\/lavagem-de-persianas.jpg"},{"@type":"BreadcrumbList","@id":"https:\/\/www.bhconsertapersianas.com.br\/index.php\/lavagem-de-cortinas-e-persianas\/#breadcrumb","itemListElement":[{"@type":"ListItem","position":1,"name":"In\u00edcio","item":"https:\/\/www.bhconsertapersianas.com.br\/"},{"@type":"ListItem","position":2,"name":"Lavagem de Cortinas e Persianas"}]},{"@type":"WebSite","@id":"https:\/\/www.bhconsertapersianas.com.br\/#website","url":"https:\/\/www.bhconsertapersianas.com.br\/","name":"BH Conserta Persianas","description":"","publisher":{"@id":"https:\/\/www.bhconsertapersianas.com.br\/#organization"},"potentialAction":[{"@type":"SearchAction","target":{"@type":"EntryPoint","urlTemplate":"https:\/\/www.bhconsertapersianas.com.br\/?s={search_term_string}"},"query-input":{"@type":"PropertyValueSpecification","valueRequired":true,"valueName":"search_term_string"}}],"inLanguage":"pt-BR"},{"@type":"Organization","@id":"https:\/\/www.bhconsertapersianas.com.br\/#organization","name":"BH Conserta Persianas","url":"https:\/\/www.bhconsertapersianas.com.br\/","logo":{"@type":"ImageObject","inLanguage":"pt-BR","@id":"https:\/\/www.bhconsertapersianas.com.br\/#\/schema\/logo\/image\/","url":"https:\/\/www.bhconsertapersianas.com.br\/wp-content\/uploads\/2024\/05\/bh-conserta-logomarca.webp","contentUrl":"https:\/\/www.bhconsertapersianas.com.br\/wp-content\/uploads\/2024\/05\/bh-conserta-logomarca.webp","width":306,"height":60,"caption":"BH Conserta Persianas"},"image":{"@id":"https:\/\/www.bhconsertapersianas.com.br\/#\/schema\/logo\/image\/"}}]}},"_links":{"self":[{"href":"https:\/\/www.bhconsertapersianas.com.br\/index.php\/wp-json\/wp\/v2\/pages\/389","targetHints":{"allow":["GET"]}}],"collection":[{"href":"https:\/\/www.bhconsertapersianas.com.br\/index.php\/wp-json\/wp\/v2\/pages"}],"about":[{"href":"https:\/\/www.bhconsertapersianas.com.br\/index.php\/wp-json\/wp\/v2\/types\/page"}],"author":[{"embeddable":true,"href":"https:\/\/www.bhconsertapersianas.com.br\/index.php\/wp-json\/wp\/v2\/users\/1"}],"replies":[{"embeddable":true,"href":"https:\/\/www.bhconsertapersianas.com.br\/index.php\/wp-json\/wp\/v2\/comments?post=389"}],"version-history":[{"count":1,"href":"https:\/\/www.bhconsertapersianas.com.br\/index.php\/wp-json\/wp\/v2\/pages\/389\/revisions"}],"predecessor-version":[{"id":436,"href":"https:\/\/www.bhconsertapersianas.com.br\/index.php\/wp-json\/wp\/v2\/pages\/389\/revisions\/436"}],"wp:attachment":[{"href":"https:\/\/www.bhconsertapersianas.com.br\/index.php\/wp-json\/wp\/v2\/media?parent=389"}],"curies":[{"name":"wp","href":"https:\/\/api.w.org\/{rel}","templated":true}]}}