{"id":392,"date":"2024-05-29T20:05:37","date_gmt":"2024-05-29T20:05:37","guid":{"rendered":"https:\/\/bhconsertapersianas.com.br\/2024\/?page_id=392"},"modified":"2024-05-29T20:59:22","modified_gmt":"2024-05-29T20:59:22","slug":"instalacao-de-cortinas-e-persianas","status":"publish","type":"page","link":"https:\/\/www.bhconsertapersianas.com.br\/index.php\/instalacao-de-cortinas-e-persianas\/","title":{"rendered":"Instala\u00e7\u00e3o de Cortinas e Persianas"},"content":{"rendered":"<h2>Instala\u00e7\u00e3o de Cortinas e Persianas<\/h2>\n<p>Sabemos que a instala\u00e7\u00e3o dos produtos adquiridos, \u00e9 uma etapa extremamente importante, pois \u00e9 ali que o cliente\/consumidor \u00a0ter\u00e1 o seu sonho concretizado. Nesta etapa n\u00e3o basta apenas furar as paredes e instalar, esse processo exige muito mais que isso&#8230; \u00e9 \u00a0necess\u00e1rio uma boa apresenta\u00e7\u00e3o e conhecimento da pessoa que prestara o servi\u00e7o e te representar\u00e1 na casa do cliente ( ou no ambiente corporativo). Deixar o ambiente limpo ap\u00f3s a instala\u00e7\u00e3o tamb\u00e9m \u00e9 essencial&#8230; o fato \u00e9 que essa etapa \u00e9 determinante para voc\u00ea ter um p\u00f3s venda positivo e efetivo e deixar o cliente satisfeito nesta etapa \u00e9 fundamental.<\/p>\n<p>Temos uma equipe totalmente treinada e preparada para a instala\u00e7\u00e3o de todas as linhas e modelos de <strong>cortinas<\/strong>, <strong>persianas. pap\u00e9is de parede<\/strong> e <strong>toldos <\/strong>do mercado.<\/p>\n<h2><strong>Atendimento Exclusivo via Celular e WhatsApp:\u00a0<\/strong><strong>\u00a0(<\/strong><b>31) 9 8030-0326<\/b><\/h2>\n<p><strong>E-mail:\u00a0<span id=\"cloak1eefdd587120b6b0be6f8554018b801b\"><a title=\"Conserto de Persianas BH\" href=\"mailto:bhconsertapersianas@gmail.com\">bhconsertapersianas@gmail.com<\/a><\/span><\/strong><\/p>\n<p>Atendemos BH e toda regi\u00e3o metropolitana e algumas cidades do interior. Consulte-nos. Ser\u00e1 um prazer atend\u00ea-lo.<strong><br \/>\n<\/strong>Trabalhamos com v\u00e1rias formas de pagamento. Com certeza, existe uma para melhor atend\u00ea-lo.<strong><br \/>\n<\/strong><\/p>\n<h2><strong>Atendimento: de segunda \u00e0 sexta: 9:30 h \u00e0s 17 h.<br \/>\n<\/strong><\/h2>\n<div class=\"tm-article-content uk-margin\">\n<p>A \u00a0<strong>BH Conserta Persianas<\/strong>, \u00e9 uma empresa especializada em Manuten\u00e7\u00e3o, Lavagem, instala\u00e7\u00e3o e motoriza\u00e7\u00e3o de cortinas e persianas de todas as marcas e modelos. A BH Conserta Persianas \u00e9 moderna, arrojada e diversificada que preza o bom relacionamento com seus clientes. Trabalhamos com o compromisso da qualidade e da excel\u00eancia na presta\u00e7\u00e3o de servi\u00e7o, com atendimento personalizado e negocia\u00e7\u00e3o flex\u00edvel.<\/p>\n<p>Chegamos para suprir a necessidade do mercado, que est\u00e1 carente de uma <strong>assist\u00eancia t\u00e9cnica<\/strong> especializada, com \u00f3timo atendimento e pre\u00e7os competitivos e acess\u00edveis a todos. Hoje, atendimento, \u00a0pre\u00e7o e qualidade \u00e9 o que todos os nossos clientes merecem \u00a0e \u00e9 por isto que optamos por ser uma empresa que agregue valores e servi\u00e7os de alto padr\u00e3o.<\/p>\n<p>Refor\u00e7amos que mantemos o compromisso de n\u00e3o trabalhar com venda de cortinas e persianas, pois nosso foco \u00e9 dar a assist\u00eancia necess\u00e1ria ap\u00f3s o cliente adquirir os produtos.<br \/>\n<strong><br \/>\n<\/strong>Atendemos BH e toda regi\u00e3o metropolitana e algumas cidades do interior. Consulte-nos. Ser\u00e1 um prazer atend\u00ea-lo.<strong><br \/>\n<\/strong>Trabalhamos com v\u00e1rias formas de pagamento. Com certeza, existe uma para melhor atend\u00ea-lo.<strong><br \/>\n<\/strong><\/p>\n<p><img loading=\"lazy\" decoding=\"async\" class=\"aligncenter wp-image-393 size-full\" src=\"https:\/\/bhconsertapersianas.com.br\/wp-content\/uploads\/2024\/05\/instalacao-de-cortinas-e-persianas.webp\" alt=\"Instala\u00e7\u00e3o de Cortinas e Persianas\" width=\"1090\" height=\"510\" srcset=\"https:\/\/www.bhconsertapersianas.com.br\/wp-content\/uploads\/2024\/05\/instalacao-de-cortinas-e-persianas.webp 1090w, https:\/\/www.bhconsertapersianas.com.br\/wp-content\/uploads\/2024\/05\/instalacao-de-cortinas-e-persianas-300x140.webp 300w, https:\/\/www.bhconsertapersianas.com.br\/wp-content\/uploads\/2024\/05\/instalacao-de-cortinas-e-persianas-1024x479.webp 1024w, https:\/\/www.bhconsertapersianas.com.br\/wp-content\/uploads\/2024\/05\/instalacao-de-cortinas-e-persianas-768x359.webp 768w\" sizes=\"auto, (max-width: 1090px) 100vw, 1090px\" \/><\/p>\n<\/div>\n","protected":false},"excerpt":{"rendered":"<p>Instala\u00e7\u00e3o de Cortinas e Persianas Sabemos que a instala\u00e7\u00e3o dos produtos adquiridos, \u00e9 uma etapa extremamente importante, pois \u00e9 ali que o cliente\/consumidor \u00a0ter\u00e1 o seu sonho concretizado. Nesta etapa n\u00e3o basta apenas furar as paredes e instalar, esse processo<\/p>\n","protected":false},"author":1,"featured_media":0,"parent":0,"menu_order":0,"comment_status":"closed","ping_status":"closed","template":"","meta":{"_joinchat":[],"footnotes":""},"class_list":["post-392","page","type-page","status-publish","hentry"],"yoast_head":"<!-- This site is optimized with the Yoast SEO plugin v25.3 - https:\/\/yoast.com\/wordpress\/plugins\/seo\/ -->\n<title>Instala\u00e7\u00e3o de Cortinas e Persianas - BH Conserta Persianas<\/title>\n<meta name=\"robots\" content=\"index, follow, max-snippet:-1, max-image-preview:large, max-video-preview:-1\" \/>\n<link rel=\"canonical\" href=\"https:\/\/www.bhconsertapersianas.com.br\/index.php\/instalacao-de-cortinas-e-persianas\/\" \/>\n<meta property=\"og:locale\" content=\"pt_BR\" \/>\n<meta property=\"og:type\" content=\"article\" \/>\n<meta property=\"og:title\" content=\"Instala\u00e7\u00e3o de Cortinas e Persianas - BH Conserta Persianas\" \/>\n<meta property=\"og:description\" content=\"Instala\u00e7\u00e3o de Cortinas e Persianas Sabemos que a instala\u00e7\u00e3o dos produtos adquiridos, \u00e9 uma etapa extremamente importante, pois \u00e9 ali que o cliente\/consumidor \u00a0ter\u00e1 o seu sonho concretizado. Nesta etapa n\u00e3o basta apenas furar as paredes e instalar, esse processo\" \/>\n<meta property=\"og:url\" content=\"https:\/\/www.bhconsertapersianas.com.br\/index.php\/instalacao-de-cortinas-e-persianas\/\" \/>\n<meta property=\"og:site_name\" content=\"BH Conserta Persianas\" \/>\n<meta property=\"article:modified_time\" content=\"2024-05-29T20:59:22+00:00\" \/>\n<meta property=\"og:image\" content=\"https:\/\/bhconsertapersianas.com.br\/wp-content\/uploads\/2024\/05\/instalacao-de-cortinas-e-persianas.webp\" \/>\n<meta name=\"twitter:card\" content=\"summary_large_image\" \/>\n<meta name=\"twitter:label1\" content=\"Est. tempo de leitura\" \/>\n\t<meta name=\"twitter:data1\" content=\"3 minutos\" \/>\n<script type=\"application\/ld+json\" class=\"yoast-schema-graph\">{\"@context\":\"https:\/\/schema.org\",\"@graph\":[{\"@type\":\"WebPage\",\"@id\":\"https:\/\/www.bhconsertapersianas.com.br\/index.php\/instalacao-de-cortinas-e-persianas\/\",\"url\":\"https:\/\/www.bhconsertapersianas.com.br\/index.php\/instalacao-de-cortinas-e-persianas\/\",\"name\":\"Instala\u00e7\u00e3o de Cortinas e Persianas - BH Conserta Persianas\",\"isPartOf\":{\"@id\":\"https:\/\/www.bhconsertapersianas.com.br\/#website\"},\"primaryImageOfPage\":{\"@id\":\"https:\/\/www.bhconsertapersianas.com.br\/index.php\/instalacao-de-cortinas-e-persianas\/#primaryimage\"},\"image\":{\"@id\":\"https:\/\/www.bhconsertapersianas.com.br\/index.php\/instalacao-de-cortinas-e-persianas\/#primaryimage\"},\"thumbnailUrl\":\"https:\/\/bhconsertapersianas.com.br\/wp-content\/uploads\/2024\/05\/instalacao-de-cortinas-e-persianas.webp\",\"datePublished\":\"2024-05-29T20:05:37+00:00\",\"dateModified\":\"2024-05-29T20:59:22+00:00\",\"breadcrumb\":{\"@id\":\"https:\/\/www.bhconsertapersianas.com.br\/index.php\/instalacao-de-cortinas-e-persianas\/#breadcrumb\"},\"inLanguage\":\"pt-BR\",\"potentialAction\":[{\"@type\":\"ReadAction\",\"target\":[\"https:\/\/www.bhconsertapersianas.com.br\/index.php\/instalacao-de-cortinas-e-persianas\/\"]}]},{\"@type\":\"ImageObject\",\"inLanguage\":\"pt-BR\",\"@id\":\"https:\/\/www.bhconsertapersianas.com.br\/index.php\/instalacao-de-cortinas-e-persianas\/#primaryimage\",\"url\":\"https:\/\/bhconsertapersianas.com.br\/wp-content\/uploads\/2024\/05\/instalacao-de-cortinas-e-persianas.webp\",\"contentUrl\":\"https:\/\/bhconsertapersianas.com.br\/wp-content\/uploads\/2024\/05\/instalacao-de-cortinas-e-persianas.webp\"},{\"@type\":\"BreadcrumbList\",\"@id\":\"https:\/\/www.bhconsertapersianas.com.br\/index.php\/instalacao-de-cortinas-e-persianas\/#breadcrumb\",\"itemListElement\":[{\"@type\":\"ListItem\",\"position\":1,\"name\":\"In\u00edcio\",\"item\":\"https:\/\/www.bhconsertapersianas.com.br\/\"},{\"@type\":\"ListItem\",\"position\":2,\"name\":\"Instala\u00e7\u00e3o de Cortinas e Persianas\"}]},{\"@type\":\"WebSite\",\"@id\":\"https:\/\/www.bhconsertapersianas.com.br\/#website\",\"url\":\"https:\/\/www.bhconsertapersianas.com.br\/\",\"name\":\"BH Conserta Persianas\",\"description\":\"\",\"publisher\":{\"@id\":\"https:\/\/www.bhconsertapersianas.com.br\/#organization\"},\"potentialAction\":[{\"@type\":\"SearchAction\",\"target\":{\"@type\":\"EntryPoint\",\"urlTemplate\":\"https:\/\/www.bhconsertapersianas.com.br\/?s={search_term_string}\"},\"query-input\":{\"@type\":\"PropertyValueSpecification\",\"valueRequired\":true,\"valueName\":\"search_term_string\"}}],\"inLanguage\":\"pt-BR\"},{\"@type\":\"Organization\",\"@id\":\"https:\/\/www.bhconsertapersianas.com.br\/#organization\",\"name\":\"BH Conserta Persianas\",\"url\":\"https:\/\/www.bhconsertapersianas.com.br\/\",\"logo\":{\"@type\":\"ImageObject\",\"inLanguage\":\"pt-BR\",\"@id\":\"https:\/\/www.bhconsertapersianas.com.br\/#\/schema\/logo\/image\/\",\"url\":\"https:\/\/www.bhconsertapersianas.com.br\/wp-content\/uploads\/2024\/05\/bh-conserta-logomarca.webp\",\"contentUrl\":\"https:\/\/www.bhconsertapersianas.com.br\/wp-content\/uploads\/2024\/05\/bh-conserta-logomarca.webp\",\"width\":306,\"height\":60,\"caption\":\"BH Conserta Persianas\"},\"image\":{\"@id\":\"https:\/\/www.bhconsertapersianas.com.br\/#\/schema\/logo\/image\/\"}}]}<\/script>\n<!-- \/ Yoast SEO plugin. -->","yoast_head_json":{"title":"Instala\u00e7\u00e3o de Cortinas e Persianas - BH Conserta Persianas","robots":{"index":"index","follow":"follow","max-snippet":"max-snippet:-1","max-image-preview":"max-image-preview:large","max-video-preview":"max-video-preview:-1"},"canonical":"https:\/\/www.bhconsertapersianas.com.br\/index.php\/instalacao-de-cortinas-e-persianas\/","og_locale":"pt_BR","og_type":"article","og_title":"Instala\u00e7\u00e3o de Cortinas e Persianas - BH Conserta Persianas","og_description":"Instala\u00e7\u00e3o de Cortinas e Persianas Sabemos que a instala\u00e7\u00e3o dos produtos adquiridos, \u00e9 uma etapa extremamente importante, pois \u00e9 ali que o cliente\/consumidor \u00a0ter\u00e1 o seu sonho concretizado. Nesta etapa n\u00e3o basta apenas furar as paredes e instalar, esse processo","og_url":"https:\/\/www.bhconsertapersianas.com.br\/index.php\/instalacao-de-cortinas-e-persianas\/","og_site_name":"BH Conserta Persianas","article_modified_time":"2024-05-29T20:59:22+00:00","og_image":[{"url":"https:\/\/bhconsertapersianas.com.br\/wp-content\/uploads\/2024\/05\/instalacao-de-cortinas-e-persianas.webp","type":"","width":"","height":""}],"twitter_card":"summary_large_image","twitter_misc":{"Est. tempo de leitura":"3 minutos"},"schema":{"@context":"https:\/\/schema.org","@graph":[{"@type":"WebPage","@id":"https:\/\/www.bhconsertapersianas.com.br\/index.php\/instalacao-de-cortinas-e-persianas\/","url":"https:\/\/www.bhconsertapersianas.com.br\/index.php\/instalacao-de-cortinas-e-persianas\/","name":"Instala\u00e7\u00e3o de Cortinas e Persianas - BH Conserta Persianas","isPartOf":{"@id":"https:\/\/www.bhconsertapersianas.com.br\/#website"},"primaryImageOfPage":{"@id":"https:\/\/www.bhconsertapersianas.com.br\/index.php\/instalacao-de-cortinas-e-persianas\/#primaryimage"},"image":{"@id":"https:\/\/www.bhconsertapersianas.com.br\/index.php\/instalacao-de-cortinas-e-persianas\/#primaryimage"},"thumbnailUrl":"https:\/\/bhconsertapersianas.com.br\/wp-content\/uploads\/2024\/05\/instalacao-de-cortinas-e-persianas.webp","datePublished":"2024-05-29T20:05:37+00:00","dateModified":"2024-05-29T20:59:22+00:00","breadcrumb":{"@id":"https:\/\/www.bhconsertapersianas.com.br\/index.php\/instalacao-de-cortinas-e-persianas\/#breadcrumb"},"inLanguage":"pt-BR","potentialAction":[{"@type":"ReadAction","target":["https:\/\/www.bhconsertapersianas.com.br\/index.php\/instalacao-de-cortinas-e-persianas\/"]}]},{"@type":"ImageObject","inLanguage":"pt-BR","@id":"https:\/\/www.bhconsertapersianas.com.br\/index.php\/instalacao-de-cortinas-e-persianas\/#primaryimage","url":"https:\/\/bhconsertapersianas.com.br\/wp-content\/uploads\/2024\/05\/instalacao-de-cortinas-e-persianas.webp","contentUrl":"https:\/\/bhconsertapersianas.com.br\/wp-content\/uploads\/2024\/05\/instalacao-de-cortinas-e-persianas.webp"},{"@type":"BreadcrumbList","@id":"https:\/\/www.bhconsertapersianas.com.br\/index.php\/instalacao-de-cortinas-e-persianas\/#breadcrumb","itemListElement":[{"@type":"ListItem","position":1,"name":"In\u00edcio","item":"https:\/\/www.bhconsertapersianas.com.br\/"},{"@type":"ListItem","position":2,"name":"Instala\u00e7\u00e3o de Cortinas e Persianas"}]},{"@type":"WebSite","@id":"https:\/\/www.bhconsertapersianas.com.br\/#website","url":"https:\/\/www.bhconsertapersianas.com.br\/","name":"BH Conserta Persianas","description":"","publisher":{"@id":"https:\/\/www.bhconsertapersianas.com.br\/#organization"},"potentialAction":[{"@type":"SearchAction","target":{"@type":"EntryPoint","urlTemplate":"https:\/\/www.bhconsertapersianas.com.br\/?s={search_term_string}"},"query-input":{"@type":"PropertyValueSpecification","valueRequired":true,"valueName":"search_term_string"}}],"inLanguage":"pt-BR"},{"@type":"Organization","@id":"https:\/\/www.bhconsertapersianas.com.br\/#organization","name":"BH Conserta Persianas","url":"https:\/\/www.bhconsertapersianas.com.br\/","logo":{"@type":"ImageObject","inLanguage":"pt-BR","@id":"https:\/\/www.bhconsertapersianas.com.br\/#\/schema\/logo\/image\/","url":"https:\/\/www.bhconsertapersianas.com.br\/wp-content\/uploads\/2024\/05\/bh-conserta-logomarca.webp","contentUrl":"https:\/\/www.bhconsertapersianas.com.br\/wp-content\/uploads\/2024\/05\/bh-conserta-logomarca.webp","width":306,"height":60,"caption":"BH Conserta Persianas"},"image":{"@id":"https:\/\/www.bhconsertapersianas.com.br\/#\/schema\/logo\/image\/"}}]}},"_links":{"self":[{"href":"https:\/\/www.bhconsertapersianas.com.br\/index.php\/wp-json\/wp\/v2\/pages\/392","targetHints":{"allow":["GET"]}}],"collection":[{"href":"https:\/\/www.bhconsertapersianas.com.br\/index.php\/wp-json\/wp\/v2\/pages"}],"about":[{"href":"https:\/\/www.bhconsertapersianas.com.br\/index.php\/wp-json\/wp\/v2\/types\/page"}],"author":[{"embeddable":true,"href":"https:\/\/www.bhconsertapersianas.com.br\/index.php\/wp-json\/wp\/v2\/users\/1"}],"replies":[{"embeddable":true,"href":"https:\/\/www.bhconsertapersianas.com.br\/index.php\/wp-json\/wp\/v2\/comments?post=392"}],"version-history":[{"count":1,"href":"https:\/\/www.bhconsertapersianas.com.br\/index.php\/wp-json\/wp\/v2\/pages\/392\/revisions"}],"predecessor-version":[{"id":453,"href":"https:\/\/www.bhconsertapersianas.com.br\/index.php\/wp-json\/wp\/v2\/pages\/392\/revisions\/453"}],"wp:attachment":[{"href":"https:\/\/www.bhconsertapersianas.com.br\/index.php\/wp-json\/wp\/v2\/media?parent=392"}],"curies":[{"name":"wp","href":"https:\/\/api.w.org\/{rel}","templated":true}]}}