{"id":404,"date":"2014-06-29T13:07:45","date_gmt":"2014-06-29T13:07:45","guid":{"rendered":"http:\/\/demo.themegrill.com\/accelerate\/?page_id=154"},"modified":"2014-06-29T13:07:45","modified_gmt":"2014-06-29T13:07:45","slug":"fale-com-a-bh-conserta-persianas","status":"publish","type":"page","link":"https:\/\/www.bhconsertapersianas.com.br\/index.php\/fale-com-a-bh-conserta-persianas\/","title":{"rendered":"Fale com a BH Conserta Persianas"},"content":{"rendered":"<div class=\"tm-article-content uk-margin\">\n<h1>Fale com a BH Conserta Persianas<\/h1>\n<form id=\"b2j_form_c117\" class=\"b2j_form b2jform-extended\" action=\"\/conserta\/index.php\/bh-conserta-persianas-fale-conosco#b2jcomid_117\" enctype=\"multipart\/form-data\" method=\"post\" name=\"b2j_form_c117\">\n<div class=\"control-group\">\n<div class=\"controls\">Se quiser mais informa\u00e7\u00f5es envie sua mensagem para o e-mail abaixo:<br \/>\nVoc\u00ea ser\u00e1 contactado logo que poss\u00edvel.<br \/>\nE-mail <span id=\"cloak9639e35d89dc864319e8917dd7788e28\"><a href=\"mailto:bhconsertapersianas@gmail.com\">bhconsertapersianas@gmail.com <\/a><\/span><\/p>\n<h2><strong>Hor\u00e1rio de atendimento:<\/strong> <strong>de segunda \u00e0 sexta: 9:30 h \u00e0s 17 h.<\/strong><\/h2>\n<h2>Fone:<br \/>\n(31) 9 8030-0326 (WhatsApp)<\/h2>\n<\/div>\n<\/div>\n<\/form>\n<\/div>\n","protected":false},"excerpt":{"rendered":"<p>Fale com a BH Conserta Persianas Se quiser mais informa\u00e7\u00f5es envie sua mensagem para o e-mail abaixo: Voc\u00ea ser\u00e1 contactado logo que poss\u00edvel. E-mail bhconsertapersianas@gmail.com Hor\u00e1rio de atendimento: de segunda \u00e0 sexta: 9:30 h \u00e0s 17 h. Fone: (31) 9<\/p>\n","protected":false},"author":1,"featured_media":0,"parent":0,"menu_order":0,"comment_status":"closed","ping_status":"closed","template":"page-templates\/contact.php","meta":{"_joinchat":[],"footnotes":""},"class_list":["post-404","page","type-page","status-publish","hentry"],"yoast_head":"<!-- This site is optimized with the Yoast SEO plugin v25.3 - https:\/\/yoast.com\/wordpress\/plugins\/seo\/ -->\n<title>Fale com a BH Conserta Persianas - BH Conserta Persianas<\/title>\n<meta name=\"robots\" content=\"index, follow, max-snippet:-1, max-image-preview:large, max-video-preview:-1\" \/>\n<link rel=\"canonical\" href=\"https:\/\/www.bhconsertapersianas.com.br\/index.php\/fale-com-a-bh-conserta-persianas\/\" \/>\n<meta property=\"og:locale\" content=\"pt_BR\" \/>\n<meta property=\"og:type\" content=\"article\" \/>\n<meta property=\"og:title\" content=\"Fale com a BH Conserta Persianas - BH Conserta Persianas\" \/>\n<meta property=\"og:description\" content=\"Fale com a BH Conserta Persianas Se quiser mais informa\u00e7\u00f5es envie sua mensagem para o e-mail abaixo: Voc\u00ea ser\u00e1 contactado logo que poss\u00edvel. E-mail bhconsertapersianas@gmail.com Hor\u00e1rio de atendimento: de segunda \u00e0 sexta: 9:30 h \u00e0s 17 h. Fone: (31) 9\" \/>\n<meta property=\"og:url\" content=\"https:\/\/www.bhconsertapersianas.com.br\/index.php\/fale-com-a-bh-conserta-persianas\/\" \/>\n<meta property=\"og:site_name\" content=\"BH Conserta Persianas\" \/>\n<meta name=\"twitter:card\" content=\"summary_large_image\" \/>\n<script type=\"application\/ld+json\" class=\"yoast-schema-graph\">{\"@context\":\"https:\/\/schema.org\",\"@graph\":[{\"@type\":\"WebPage\",\"@id\":\"https:\/\/www.bhconsertapersianas.com.br\/index.php\/fale-com-a-bh-conserta-persianas\/\",\"url\":\"https:\/\/www.bhconsertapersianas.com.br\/index.php\/fale-com-a-bh-conserta-persianas\/\",\"name\":\"Fale com a BH Conserta Persianas - BH Conserta Persianas\",\"isPartOf\":{\"@id\":\"https:\/\/www.bhconsertapersianas.com.br\/#website\"},\"datePublished\":\"2014-06-29T13:07:45+00:00\",\"breadcrumb\":{\"@id\":\"https:\/\/www.bhconsertapersianas.com.br\/index.php\/fale-com-a-bh-conserta-persianas\/#breadcrumb\"},\"inLanguage\":\"pt-BR\",\"potentialAction\":[{\"@type\":\"ReadAction\",\"target\":[\"https:\/\/www.bhconsertapersianas.com.br\/index.php\/fale-com-a-bh-conserta-persianas\/\"]}]},{\"@type\":\"BreadcrumbList\",\"@id\":\"https:\/\/www.bhconsertapersianas.com.br\/index.php\/fale-com-a-bh-conserta-persianas\/#breadcrumb\",\"itemListElement\":[{\"@type\":\"ListItem\",\"position\":1,\"name\":\"In\u00edcio\",\"item\":\"https:\/\/www.bhconsertapersianas.com.br\/\"},{\"@type\":\"ListItem\",\"position\":2,\"name\":\"Fale com a BH Conserta Persianas\"}]},{\"@type\":\"WebSite\",\"@id\":\"https:\/\/www.bhconsertapersianas.com.br\/#website\",\"url\":\"https:\/\/www.bhconsertapersianas.com.br\/\",\"name\":\"BH Conserta Persianas\",\"description\":\"\",\"publisher\":{\"@id\":\"https:\/\/www.bhconsertapersianas.com.br\/#organization\"},\"potentialAction\":[{\"@type\":\"SearchAction\",\"target\":{\"@type\":\"EntryPoint\",\"urlTemplate\":\"https:\/\/www.bhconsertapersianas.com.br\/?s={search_term_string}\"},\"query-input\":{\"@type\":\"PropertyValueSpecification\",\"valueRequired\":true,\"valueName\":\"search_term_string\"}}],\"inLanguage\":\"pt-BR\"},{\"@type\":\"Organization\",\"@id\":\"https:\/\/www.bhconsertapersianas.com.br\/#organization\",\"name\":\"BH Conserta Persianas\",\"url\":\"https:\/\/www.bhconsertapersianas.com.br\/\",\"logo\":{\"@type\":\"ImageObject\",\"inLanguage\":\"pt-BR\",\"@id\":\"https:\/\/www.bhconsertapersianas.com.br\/#\/schema\/logo\/image\/\",\"url\":\"https:\/\/www.bhconsertapersianas.com.br\/wp-content\/uploads\/2024\/05\/bh-conserta-logomarca.webp\",\"contentUrl\":\"https:\/\/www.bhconsertapersianas.com.br\/wp-content\/uploads\/2024\/05\/bh-conserta-logomarca.webp\",\"width\":306,\"height\":60,\"caption\":\"BH Conserta Persianas\"},\"image\":{\"@id\":\"https:\/\/www.bhconsertapersianas.com.br\/#\/schema\/logo\/image\/\"}}]}<\/script>\n<!-- \/ Yoast SEO plugin. -->","yoast_head_json":{"title":"Fale com a BH Conserta Persianas - BH Conserta Persianas","robots":{"index":"index","follow":"follow","max-snippet":"max-snippet:-1","max-image-preview":"max-image-preview:large","max-video-preview":"max-video-preview:-1"},"canonical":"https:\/\/www.bhconsertapersianas.com.br\/index.php\/fale-com-a-bh-conserta-persianas\/","og_locale":"pt_BR","og_type":"article","og_title":"Fale com a BH Conserta Persianas - BH Conserta Persianas","og_description":"Fale com a BH Conserta Persianas Se quiser mais informa\u00e7\u00f5es envie sua mensagem para o e-mail abaixo: Voc\u00ea ser\u00e1 contactado logo que poss\u00edvel. E-mail bhconsertapersianas@gmail.com Hor\u00e1rio de atendimento: de segunda \u00e0 sexta: 9:30 h \u00e0s 17 h. Fone: (31) 9","og_url":"https:\/\/www.bhconsertapersianas.com.br\/index.php\/fale-com-a-bh-conserta-persianas\/","og_site_name":"BH Conserta Persianas","twitter_card":"summary_large_image","schema":{"@context":"https:\/\/schema.org","@graph":[{"@type":"WebPage","@id":"https:\/\/www.bhconsertapersianas.com.br\/index.php\/fale-com-a-bh-conserta-persianas\/","url":"https:\/\/www.bhconsertapersianas.com.br\/index.php\/fale-com-a-bh-conserta-persianas\/","name":"Fale com a BH Conserta Persianas - BH Conserta Persianas","isPartOf":{"@id":"https:\/\/www.bhconsertapersianas.com.br\/#website"},"datePublished":"2014-06-29T13:07:45+00:00","breadcrumb":{"@id":"https:\/\/www.bhconsertapersianas.com.br\/index.php\/fale-com-a-bh-conserta-persianas\/#breadcrumb"},"inLanguage":"pt-BR","potentialAction":[{"@type":"ReadAction","target":["https:\/\/www.bhconsertapersianas.com.br\/index.php\/fale-com-a-bh-conserta-persianas\/"]}]},{"@type":"BreadcrumbList","@id":"https:\/\/www.bhconsertapersianas.com.br\/index.php\/fale-com-a-bh-conserta-persianas\/#breadcrumb","itemListElement":[{"@type":"ListItem","position":1,"name":"In\u00edcio","item":"https:\/\/www.bhconsertapersianas.com.br\/"},{"@type":"ListItem","position":2,"name":"Fale com a BH Conserta Persianas"}]},{"@type":"WebSite","@id":"https:\/\/www.bhconsertapersianas.com.br\/#website","url":"https:\/\/www.bhconsertapersianas.com.br\/","name":"BH Conserta Persianas","description":"","publisher":{"@id":"https:\/\/www.bhconsertapersianas.com.br\/#organization"},"potentialAction":[{"@type":"SearchAction","target":{"@type":"EntryPoint","urlTemplate":"https:\/\/www.bhconsertapersianas.com.br\/?s={search_term_string}"},"query-input":{"@type":"PropertyValueSpecification","valueRequired":true,"valueName":"search_term_string"}}],"inLanguage":"pt-BR"},{"@type":"Organization","@id":"https:\/\/www.bhconsertapersianas.com.br\/#organization","name":"BH Conserta Persianas","url":"https:\/\/www.bhconsertapersianas.com.br\/","logo":{"@type":"ImageObject","inLanguage":"pt-BR","@id":"https:\/\/www.bhconsertapersianas.com.br\/#\/schema\/logo\/image\/","url":"https:\/\/www.bhconsertapersianas.com.br\/wp-content\/uploads\/2024\/05\/bh-conserta-logomarca.webp","contentUrl":"https:\/\/www.bhconsertapersianas.com.br\/wp-content\/uploads\/2024\/05\/bh-conserta-logomarca.webp","width":306,"height":60,"caption":"BH Conserta Persianas"},"image":{"@id":"https:\/\/www.bhconsertapersianas.com.br\/#\/schema\/logo\/image\/"}}]}},"_links":{"self":[{"href":"https:\/\/www.bhconsertapersianas.com.br\/index.php\/wp-json\/wp\/v2\/pages\/404","targetHints":{"allow":["GET"]}}],"collection":[{"href":"https:\/\/www.bhconsertapersianas.com.br\/index.php\/wp-json\/wp\/v2\/pages"}],"about":[{"href":"https:\/\/www.bhconsertapersianas.com.br\/index.php\/wp-json\/wp\/v2\/types\/page"}],"author":[{"embeddable":true,"href":"https:\/\/www.bhconsertapersianas.com.br\/index.php\/wp-json\/wp\/v2\/users\/1"}],"replies":[{"embeddable":true,"href":"https:\/\/www.bhconsertapersianas.com.br\/index.php\/wp-json\/wp\/v2\/comments?post=404"}],"version-history":[{"count":0,"href":"https:\/\/www.bhconsertapersianas.com.br\/index.php\/wp-json\/wp\/v2\/pages\/404\/revisions"}],"wp:attachment":[{"href":"https:\/\/www.bhconsertapersianas.com.br\/index.php\/wp-json\/wp\/v2\/media?parent=404"}],"curies":[{"name":"wp","href":"https:\/\/api.w.org\/{rel}","templated":true}]}}